{"id":401827354,"date":"2024-01-15T15:15:12","date_gmt":"2024-01-15T21:15:12","guid":{"rendered":"https:\/\/calvaryokc.church\/?page_id=401827354"},"modified":"2026-04-24T16:56:43","modified_gmt":"2026-04-24T21:56:43","slug":"caregroupsignup","status":"publish","type":"page","link":"https:\/\/calvaryokc.church\/es\/caregroupsignup\/","title":{"rendered":"Care Group Interest Form"},"content":{"rendered":"<div id=\"fws_69f2a2e2e415d\"  data-column-margin=\"default\" data-midnight=\"dark\"  class=\"wpb_row vc_row-fluid vc_row\"  style=\"padding-top: 0px; padding-bottom: 0px; \"><div class=\"row-bg-wrap\" data-bg-animation=\"none\" data-bg-animation-delay=\"\" data-bg-overlay=\"false\"><div class=\"inner-wrap row-bg-layer\" ><div class=\"row-bg viewport-desktop\"  style=\"\"><\/div><\/div><\/div><div class=\"row_col_wrap_12 col span_12 dark left\">\n\t<div  class=\"vc_col-sm-12 wpb_column column_container vc_column_container col no-extra-padding inherit_tablet inherit_phone\"  data-padding-pos=\"all\" data-has-bg-color=\"false\" data-bg-color=\"\" data-bg-opacity=\"1\" data-animation=\"\" data-delay=\"0\" >\n\t\t<div class=\"vc_column-inner\" >\n\t\t\t<div class=\"wpb_wrapper\">\n\t\t\t\t\n\t<div class=\"wpb_raw_code wpb_raw_js\" >\n\t\t<div class=\"wpb_wrapper\">\n\t\t\t<script>\n\nvar allCircles = document.querySelectorAll('.nectar_hotspot');\n allCircles.forEach((circle) => {\n                circle.style.backgroundColor = \"#228f4e\"\n            })\n\ndocument.addEventListener('DOMContentLoaded', function() {\n    \/\/ Get all elements with the class \"nectar_hotspot\"\n    var hotspots = document.querySelectorAll('.nectar_hotspot_wrap');\n\n    const spanishElement = document.getElementById('chosen-spanish');\n    const churchElement = document.getElementById('chosen-church');\n    const deafElement = document.getElementById('chosen-deaf');\n\n    \/\/ Add click event to each element\n    hotspots.forEach(function(hotspot) {\n        hotspot.addEventListener('click', function(e) {\n            e.stopImmediatePropagation();\ne.preventDefault()\n\n            \/\/ Find the \"leader_name\" element inside the clicked hotspot\n            var leaderNameElement = hotspot.querySelector('.leader_name');\n            var locationNameElement = hotspot.querySelector('.location_name');\n            var hasSpanish = hotspot.querySelector('.spanish-available');\n            var hasChurch = hotspot.querySelector('.church-available');\n            var hasDeaf = hotspot.querySelector('.deaf-available');\n            var hotspotCircle = hotspot.querySelector('.nectar_hotspot');\n            var allCircles = document.querySelectorAll('.nectar_hotspot');\n            allCircles.forEach((circle) => {\n                circle.style.opacity = 0.7\n            })\n          \n            hotspotCircle.style.opacity = 1\n\n            spanishElement.style.display = 'none';\n            churchElement.style.display = 'none';\n            deafElement.style.display = 'none';\n\n            if (leaderNameElement) {\n                var leaderName = leaderNameElement.innerText || leaderNameElement.textContent;\n                var element = document.getElementById('chosen-name');\n                element.textContent = leaderName\n                \n                var leaderID = leaderNameElement.getAttribute('data-brz');\n                var input_element = document.getElementById('location_leader');\n                input_element.value = leaderID\n            }\n\n            if (locationNameElement) {\n                var locationName = locationNameElement.innerText || locationNameElement.textContent;\n                var element = document.getElementById('chosen-location');\n                element.textContent = locationName\n            }\n\n            if (hasSpanish) {\n                spanishElement.style.display = 'block'; \n            }\n\n            if (hasChurch) {\n                churchElement.style.display = 'block'; \n            }\n\n            if (hasDeaf) {\n                deafElement.style.display = 'block'; \n            }\n        });\n    });\n});\n<\/script>\n\t\t<\/div>\n\t<\/div>\n<div class=\"nectar_image_with_hotspots\" data-stlye=\"color_pulse\" data-hotspot-icon=\"plus_sign\" data-size=\"medium\" data-color=\"accent-color\" data-tooltip-func=\"hover\" data-tooltip_shadow=\"small_depth\" data-animation=\"\"><img fetchpriority=\"high\" decoding=\"async\" width=\"1239\" height=\"993\" src=\"https:\/\/calvaryokc.church\/wp-content\/uploads\/2024\/01\/okc-bigger.png\" class=\"attachment-full size-full\" alt=\"\" srcset=\"https:\/\/calvaryokc.church\/wp-content\/uploads\/2024\/01\/okc-bigger.png 1239w, https:\/\/calvaryokc.church\/wp-content\/uploads\/2024\/01\/okc-bigger-300x240.png 300w, https:\/\/calvaryokc.church\/wp-content\/uploads\/2024\/01\/okc-bigger-1024x821.png 1024w, https:\/\/calvaryokc.church\/wp-content\/uploads\/2024\/01\/okc-bigger-768x616.png 768w\" sizes=\"(max-width: 1239px) 100vw, 1239px\" \/><div class=\"nectar_hotspot_wrap\" style=\"top: 0.372589%; left: 53.5637%;\"><div class=\"nectar_hotspot\"><span><\/span><\/div><div class=\"nttip\" data-tooltip-position=\"bottom\"><div class=\"inner\">\n<div class=\"location_name\" style=\"font-size: 16px;font-weight: bold\">Guthrie\/Edmond<\/div>\n<div><em class=\"leader_name\" data-brz=\"17418228\">Jennifer Wright<\/em><\/div>\n<\/div><\/div><\/div><div class=\"nectar_hotspot_wrap\" style=\"top: 49.8323%; left: 73.2817%;\"><div class=\"nectar_hotspot\"><span><\/span><\/div><div class=\"nttip\" data-tooltip-position=\"top\"><div class=\"inner\">\n<div class=\"location_name\" style=\"font-size: 16px;font-weight: bold\">Midwest City &#8211; East<\/div>\n<div><em class=\"leader_name\" data-brz=\"17417100\">Jeremy Sharp<\/em><\/div>\n<\/div><\/div><\/div><div class=\"nectar_hotspot_wrap\" style=\"top: 21.6103%; left: 33.6911%;\"><div class=\"nectar_hotspot\"><span><\/span><\/div><div class=\"nttip\" data-tooltip-position=\"top\"><div class=\"inner\">\n<div class=\"location_name\" style=\"font-size: 16px;font-weight: bold\">Oklahoma City &#8211; Northwest<\/div>\n<div><em class=\"leader_name\" data-brz=\"17411746\">Earnest Alexander<\/em><\/div>\n<\/div><\/div><\/div><div class=\"nectar_hotspot_wrap\" style=\"top: 87.7156%; left: 48.3801%;\"><div class=\"nectar_hotspot\"><span><\/span><\/div><div class=\"nttip\" data-tooltip-position=\"top\"><div class=\"inner\">\n<div class=\"location_name\" style=\"font-size: 16px;font-weight: bold\">Moore &#8211; South<\/div>\n<div><em class=\"leader_name\" data-brz=\"17421784\">Jason Bennett<\/em><\/div>\n<\/div><\/div><\/div><div class=\"nectar_hotspot_wrap\" style=\"top: 60.0585%; left: 16.4147%;\"><div class=\"nectar_hotspot\"><span><\/span><\/div><div class=\"nttip\" data-tooltip-position=\"top\"><div class=\"inner\">\n<div class=\"location_name\" style=\"font-size: 16px;font-weight: bold\">Oklahoma City &#8211; Southwest<\/div>\n<div><em class=\"leader_name\" data-brz=\"31452800\">Tommy Berridge<\/em><\/div>\n<\/div><\/div><\/div><div class=\"nectar_hotspot_wrap\" style=\"top: 55.2918%; left: 39.5226%;\"><div class=\"nectar_hotspot\"><span><\/span><\/div><div class=\"nttip\" data-tooltip-position=\"top\"><div class=\"inner\">\n<div class=\"location_name\" style=\"font-size: 16px;font-weight: bold\">Oklahoma City<\/div>\n<div><em class=\"leader_name\" data-brz=\"43859922\">Efrain Brito<\/em><\/div>\n<div class=\"spanish-available\" style=\"border-top: 1px solid lightgray;margin-top: 5px;padding-top: 5px\"><em>Lecci\u00f3n de grupo hogare\u00f1o en espa\u00f1ol<\/em><\/div>\n<\/div><\/div><\/div><div class=\"nectar_hotspot_wrap\" style=\"top: 49.7324%; left: 65.6968%;\"><div class=\"nectar_hotspot\"><span><\/span><\/div><div class=\"nttip\" data-tooltip-position=\"top\"><div class=\"inner\">\n<div class=\"location_name\" style=\"font-size: 16px;font-weight: bold\">Midwest City<\/div>\n<div><em class=\"leader_name\" data-brz=\"17412400\">Craig Brooks<\/em><\/div>\n<\/div><\/div><\/div><div class=\"nectar_hotspot_wrap\" style=\"top: 67.4766%; left: 51.9888%;\"><div class=\"nectar_hotspot\"><span><\/span><\/div><div class=\"nttip\" data-tooltip-position=\"top\"><div class=\"inner\">\n<div class=\"location_name\" style=\"font-size: 16px;font-weight: bold\">Oklahoma City &#8211; Southeast<\/div>\n<div><em class=\"leader_name\" data-brz=\"26024708\">Obed Martinez<\/em><\/div>\n<div class=\"spanish-available\" style=\"border-top: 1px solid lightgray;margin-top: 5px;padding-top: 5px\"><em>Lecci\u00f3n de grupo hogare\u00f1o en espa\u00f1ol<\/em><\/div>\n<\/div><\/div><\/div><div class=\"nectar_hotspot_wrap\" style=\"top: 74.7938%; left: 49.9975%;\"><div class=\"nectar_hotspot\"><span><\/span><\/div><div class=\"nttip\" data-tooltip-position=\"top\"><div class=\"inner\">\n<div class=\"location_name\" style=\"font-size: 16px;font-weight: bold\">Moore &#8211; Northeast<\/div>\n<div><em class=\"leader_name\" data-brz=\"17413456\">Jim Delong<\/em><\/div>\n<\/div><\/div><\/div><div class=\"nectar_hotspot_wrap\" style=\"top: 48.1744%; left: 52.6701%;\"><div class=\"nectar_hotspot\"><span><\/span><\/div><div class=\"nttip\" data-tooltip-position=\"top\"><div class=\"inner\">\n<div class=\"location_name\" style=\"font-size: 16px;font-weight: bold\">Calvary Christian Center<\/div>\n<div><em class=\"leader_name\" data-brz=\"17413486\">Michael Dieckman<\/em><\/div>\n<div class=\"church-available\" style=\"border-top: 1px solid lightgray;margin-top: 5px;padding-top: 5px\"><em>This group meets at the church<\/em><\/div>\n<\/div><\/div><\/div><div class=\"nectar_hotspot_wrap\" style=\"top: 51.8157%; left: 54.4522%;\"><div class=\"nectar_hotspot\"><span><\/span><\/div><div class=\"nttip\" data-tooltip-position=\"top\"><div class=\"inner\">\n<div class=\"location_name\" style=\"font-size: 16px;font-weight: bold\">Calvary Christian Center<\/div>\n<div><em class=\"leader_name\" data-brz=\"17413490\">Sadie Dieckman<\/em><\/div>\n<div style=\"border-top: 1px solid lightgray;margin-top: 5px;padding-top: 5px\"><em>This group meets at the church<\/em><\/div>\n<div class=\"deaf-available church-available\" style=\"border-top: 1px solid lightgray;margin-top: 5px;padding-top: 5px\"><em>This group is a part of our hearing impaired ministries.<\/em><\/div>\n<\/div><\/div><\/div><div class=\"nectar_hotspot_wrap\" style=\"top: 70.6019%; left: 93.7795%;\"><div class=\"nectar_hotspot\"><span><\/span><\/div><div class=\"nttip\" data-tooltip-position=\"top\"><div class=\"inner\">\n<div class=\"location_name\" style=\"font-size: 16px;font-weight: bold\">Newalla<\/div>\n<div><em class=\"leader_name\" data-brz=\"31453218\">Jimmy Carrasco<\/em><\/div>\n<\/div><\/div><\/div><div class=\"nectar_hotspot_wrap\" style=\"top: 47.061%; left: 65.0507%;\"><div class=\"nectar_hotspot\"><span><\/span><\/div><div class=\"nttip\" data-tooltip-position=\"top\"><div class=\"inner\">\n<div class=\"location_name\" style=\"font-size: 16px;font-weight: bold\">Midwest City<\/div>\n<div><em class=\"leader_name\" data-brz=\"17414254\">Nathan Gullion<\/em><\/div>\n<\/div><\/div><\/div><div class=\"nectar_hotspot_wrap\" style=\"top: 33.572%; left: 11.6608%;\"><div class=\"nectar_hotspot\"><span><\/span><\/div><div class=\"nttip\" data-tooltip-position=\"top\"><div class=\"inner\">\n<div class=\"location_name\" style=\"font-size: 16px;font-weight: bold\">Yukon &#8211; East<\/div>\n<div><em class=\"leader_name\" data-brz=\"17414436\">Vickie Harrill<\/em><\/div>\n<\/div><\/div><\/div><div class=\"nectar_hotspot_wrap\" style=\"top: 69.1302%; left: 55.6711%;\"><div class=\"nectar_hotspot\"><span><\/span><\/div><div class=\"nttip\" data-tooltip-position=\"top\"><div class=\"inner\">\n<div class=\"location_name\" style=\"font-size: 16px;font-weight: bold\">Oklahoma City &#8211; Southeast<\/div>\n<div><em class=\"leader_name\" data-brz=\"17415280\">Jennifer Lightfoot<\/em><\/div>\n<\/div><\/div><\/div><div class=\"nectar_hotspot_wrap\" style=\"top: 63.6609%; left: 57.398%;\"><div class=\"nectar_hotspot\"><span><\/span><\/div><div class=\"nttip\" data-tooltip-position=\"top\"><div class=\"inner\">\n<div class=\"location_name\" style=\"font-size: 16px;font-weight: bold\">Oklahoma City &#8211; Southeast<\/div>\n<div><em class=\"leader_name\" data-brz=\"26092588\">Milton Plascencia<\/em><\/div>\n<div class=\"spanish-available\" style=\"border-top: 1px solid lightgray;margin-top: 5px;padding-top: 5px\"><em>Lecci\u00f3n de grupo hogare\u00f1o en espa\u00f1ol<\/em><\/div>\n<\/div><\/div><\/div><div class=\"nectar_hotspot_wrap\" style=\"top: 62.366%; left: 53.1152%;\"><div class=\"nectar_hotspot\"><span><\/span><\/div><div class=\"nttip\" data-tooltip-position=\"top\"><div class=\"inner\">\n<div class=\"location_name\" style=\"font-size: 16px;font-weight: bold\">Oklahoma City &#8211; Southeast<\/div>\n<div><em class=\"leader_name\" data-brz=\"17415718\">Jennifer Melancon<\/em><\/div>\n<\/div><\/div><\/div><div class=\"nectar_hotspot_wrap\" style=\"top: 47.5233%; left: 56.2185%;\"><div class=\"nectar_hotspot\"><span><\/span><\/div><div class=\"nttip\" data-tooltip-position=\"top\"><div class=\"inner\">\n<div class=\"location_name\" style=\"font-size: 16px;font-weight: bold\">Del City<\/div>\n<div><em class=\"leader_name\" data-brz=\"17411750\">Mario Martinez II<\/em><\/div>\n<\/div><\/div><\/div><div class=\"nectar_hotspot_wrap\" style=\"top: 43.9392%; left: 69.7624%;\"><div class=\"nectar_hotspot\"><span><\/span><\/div><div class=\"nttip\" data-tooltip-position=\"top\"><div class=\"inner\">\n<div class=\"location_name\" style=\"font-size: 16px;font-weight: bold\">Midwest City<\/div>\n<div><em class=\"leader_name\" data-brz=\"17425896\">Jeff Padget<\/em><\/div>\n<\/div><\/div><\/div><div class=\"nectar_hotspot_wrap\" style=\"top: 80.6525%; left: 40.6025%;\"><div class=\"nectar_hotspot\"><span><\/span><\/div><div class=\"nttip\" data-tooltip-position=\"top\"><div class=\"inner\">\n<div class=\"location_name\" style=\"font-size: 16px;font-weight: bold\">Moore &#8211; West<\/div>\n<div><em class=\"leader_name\" data-brz=\"17416216\">Solomon Pannell<\/em><\/div>\n<\/div><\/div><\/div><div class=\"nectar_hotspot_wrap\" style=\"top: 18.5086%; left: 23.4247%;\"><div class=\"nectar_hotspot\"><span><\/span><\/div><div class=\"nttip\" data-tooltip-position=\"top\"><div class=\"inner\">\n<div class=\"location_name\" style=\"font-size: 16px;font-weight: bold\">Oklahoma City &#8211; Northwest<\/div>\n<div><em class=\"leader_name\" data-brz=\"17416270\">Airyanna Bly<\/em><\/div>\n<\/div><\/div><\/div><div class=\"nectar_hotspot_wrap\" style=\"top: 53.5232%; left: 34.1253%;\"><div class=\"nectar_hotspot\"><span><\/span><\/div><div class=\"nttip\" data-tooltip-position=\"top\"><div class=\"inner\">\n<div class=\"location_name\" style=\"font-size: 16px;font-weight: bold\">Oklahoma City<\/div>\n<div><em class=\"leader_name\" data-brz=\"28452166\">Bertha Perez<\/em><\/div>\n<div class=\"spanish-available\" style=\"border-top: 1px solid lightgray;margin-top: 5px;padding-top: 5px\"><em>Lecci\u00f3n de grupo hogare\u00f1o en espa\u00f1ol<\/em><\/div>\n<\/div><\/div><\/div><div class=\"nectar_hotspot_wrap\" style=\"top: 82.2414%; left: 37.1468%;\"><div class=\"nectar_hotspot\"><span><\/span><\/div><div class=\"nttip\" data-tooltip-position=\"top\"><div class=\"inner\">\n<div class=\"location_name\" style=\"font-size: 16px;font-weight: bold\">Moore &#8211; Southwest<\/div>\n<div><em class=\"leader_name\" data-brz=\"17416022\">Jordan Nash<\/em><\/div>\n<\/div><\/div><\/div><div class=\"nectar_hotspot_wrap\" style=\"top: 83.3082%; left: 51.6154%;\"><div class=\"nectar_hotspot\"><span><\/span><\/div><div class=\"nttip\" data-tooltip-position=\"top\"><div class=\"inner\">\n<div class=\"location_name\" style=\"font-size: 16px;font-weight: bold\">Moore &#8211; South<\/div>\n<div><em class=\"leader_name\" data-brz=\"17417410\">Skyler Stewart<\/em><\/div>\n<\/div><\/div><\/div><div class=\"nectar_hotspot_wrap\" style=\"top: 56.8826%; left: 12.9081%;\"><div class=\"nectar_hotspot\"><span><\/span><\/div><div class=\"nttip\" data-tooltip-position=\"top\"><div class=\"inner\">\n<div class=\"location_name\" style=\"font-size: 16px;font-weight: bold\">Mustang<\/div>\n<div><em class=\"leader_name\" data-brz=\"31212612\">Parker Hassell<\/em><\/div>\n<\/div><\/div><\/div><div class=\"nectar_hotspot_wrap\" style=\"top: 66.1646%; left: 49.1493%;\"><div class=\"nectar_hotspot\"><span><\/span><\/div><div class=\"nttip\" data-tooltip-position=\"top\"><div class=\"inner\">\n<div class=\"location_name\" style=\"font-size: 16px;font-weight: bold\">Oklahoma City &#8211; Southeast<\/div>\n<div><em class=\"leader_name\" data-brz=\"17412208\">Caleb Betterton<\/em><\/div>\n<\/div><\/div><\/div><div class=\"nectar_hotspot_wrap\" style=\"top: 21.03937381024747%; left: 25.183627136752136%;\"><div class=\"nectar_hotspot\"><span><\/span><\/div><div class=\"nttip\" data-tooltip-position=\"top\"><div class=\"inner\">\n<div class=\"location_name\" style=\"font-size: 16px;font-weight: bold\">Oklahoma City<\/div>\n<div><em class=\"leader_name\" data-brz=\"17411992\">Dimas Pascua<\/em><\/div>\n<\/div><\/div><\/div><div class=\"nectar_hotspot_wrap\" style=\"top: 49.968%; left: 50.1575%;\"><div class=\"nectar_hotspot\"><span><\/span><\/div><div class=\"nttip\" data-tooltip-position=\"top\"><div class=\"inner\">\n<div class=\"location_name\" style=\"font-size: 16px;font-weight: bold\">Del City<\/div>\n<div><em class=\"leader_name\" data-brz=\"17416268\">Kayla Potts<\/em><\/div>\n<\/div><\/div><\/div><div class=\"nectar_hotspot_wrap\" style=\"top: 98.4316%; left: 52.3504%;\"><div class=\"nectar_hotspot\"><span><\/span><\/div><div class=\"nttip\" data-tooltip-position=\"top\"><div class=\"inner\">\n<div class=\"location_name\" style=\"font-size: 16px;font-weight: bold\">Norman<\/div>\n<div><em class=\"leader_name\" data-brz=\"17416268\">Kevin Hyles<\/em><\/div>\n<\/div><\/div><\/div><div class=\"nectar_hotspot_wrap\" style=\"top: 56.9069%; left: 53.4188%;\"><div class=\"nectar_hotspot\"><span><\/span><\/div><div class=\"nttip\" data-tooltip-position=\"top\"><div class=\"inner\">\n<div class=\"location_name\" style=\"font-size: 16px;font-weight: bold\">Del City<\/div>\n<div><em class=\"leader_name\" data-brz=\"17416268\">Janice Cantrell<\/em><\/div>\n<\/div><\/div><\/div><\/div>\n\t\t\t<\/div> \n\t\t<\/div>\n\t<\/div> \n<\/div><\/div>","protected":false},"excerpt":{"rendered":"Guthrie\/Edmond Jennifer Wright Midwest City - East Jeremy Sharp Oklahoma...","protected":false},"author":7,"featured_media":0,"parent":0,"menu_order":0,"comment_status":"closed","ping_status":"closed","template":"","meta":{"footnotes":""},"class_list":["post-401827354","page","type-page","status-publish"],"_links":{"self":[{"href":"https:\/\/calvaryokc.church\/es\/wp-json\/wp\/v2\/pages\/401827354","targetHints":{"allow":["GET"]}}],"collection":[{"href":"https:\/\/calvaryokc.church\/es\/wp-json\/wp\/v2\/pages"}],"about":[{"href":"https:\/\/calvaryokc.church\/es\/wp-json\/wp\/v2\/types\/page"}],"author":[{"embeddable":true,"href":"https:\/\/calvaryokc.church\/es\/wp-json\/wp\/v2\/users\/7"}],"replies":[{"embeddable":true,"href":"https:\/\/calvaryokc.church\/es\/wp-json\/wp\/v2\/comments?post=401827354"}],"version-history":[{"count":57,"href":"https:\/\/calvaryokc.church\/es\/wp-json\/wp\/v2\/pages\/401827354\/revisions"}],"predecessor-version":[{"id":401831923,"href":"https:\/\/calvaryokc.church\/es\/wp-json\/wp\/v2\/pages\/401827354\/revisions\/401831923"}],"wp:attachment":[{"href":"https:\/\/calvaryokc.church\/es\/wp-json\/wp\/v2\/media?parent=401827354"}],"curies":[{"name":"wp","href":"https:\/\/api.w.org\/{rel}","templated":true}]}}