{"id":401814389,"date":"2020-04-02T05:13:04","date_gmt":"2020-04-02T05:13:04","guid":{"rendered":"https:\/\/calvaryokc.church\/?page_id=401814389"},"modified":"2026-03-12T11:11:44","modified_gmt":"2026-03-12T16:11:44","slug":"first-time-here","status":"publish","type":"page","link":"https:\/\/calvaryokc.church\/es\/first-time-here\/","title":{"rendered":"Current Service Schedule"},"content":{"rendered":"<div id=\"fws_69d8243b98a51\"  data-column-margin=\"default\" data-midnight=\"light\" data-top-percent=\"10%\" data-bottom-percent=\"10%\"  class=\"wpb_row vc_row-fluid vc_row full-width-section\"  style=\"padding-top: calc(100vw * 0.10); padding-bottom: calc(100vw * 0.10); \"><div class=\"row-bg-wrap\" data-bg-animation=\"none\" data-bg-animation-delay=\"\" data-bg-overlay=\"true\"><div class=\"inner-wrap row-bg-layer using-image\" ><div class=\"row-bg viewport-desktop using-image using-bg-color lazyload\"  style=\"background-image:inherit; background-position: 30% 25%; background-repeat: no-repeat; background-color: #000000; \" data-bg-image=\"url(https:\/\/calvaryokc.church\/wp-content\/smush-webp\/2025\/06\/9H4A9209.jpg.webp)\"><\/div><\/div><div class=\"row-bg-overlay row-bg-layer\" style=\"background-color:#000000;  opacity: 0.3; \"><\/div><\/div><div class=\"row_col_wrap_12 col span_12 light left\">\n\t<div  class=\"vc_col-sm-12 wpb_column column_container vc_column_container col no-extra-padding inherit_tablet inherit_phone\"  data-padding-pos=\"all\" data-has-bg-color=\"false\" data-bg-color=\"\" data-bg-opacity=\"1\" data-animation=\"\" data-delay=\"0\" >\n\t\t<div class=\"vc_column-inner\" >\n\t\t\t<div class=\"wpb_wrapper\">\n\t\t\t\t<h1 style=\"text-align: left\" class=\"vc_custom_heading vc_do_custom_heading\" >Welcome Home<\/h1><h4 style=\"text-align: left\" class=\"vc_custom_heading vc_do_custom_heading\" >Welcome to Calvary - the friendliest church in town<\/h4>\n\t\t\t<\/div> \n\t\t<\/div>\n\t<\/div> \n<\/div><\/div>\n\t\t<div id=\"fws_69d8243b98f31\"  data-column-margin=\"default\" data-midnight=\"dark\" data-top-percent=\"6%\" data-bottom-percent=\"5%\"  class=\"wpb_row vc_row-fluid vc_row full-width-section serviceTimeHeading\"  style=\"padding-top: calc(100vw * 0.06); padding-bottom: calc(100vw * 0.05); \"><div class=\"row-bg-wrap\" data-bg-animation=\"none\" data-bg-animation-delay=\"\" data-bg-overlay=\"false\"><div class=\"inner-wrap row-bg-layer\" ><div class=\"row-bg viewport-desktop\"  style=\"\"><\/div><\/div><\/div><div class=\"row_col_wrap_12 col span_12 dark left\">\n\t<div  class=\"vc_col-sm-6 wpb_column column_container vc_column_container col padding-3-percent inherit_tablet inherit_phone\"  data-padding-pos=\"left-right\" data-has-bg-color=\"false\" data-bg-color=\"\" data-bg-opacity=\"1\" data-animation=\"\" data-delay=\"0\" >\n\t\t<div class=\"vc_column-inner\" >\n\t\t\t<div class=\"wpb_wrapper\">\n\t\t\t\t<div id=\"fws_69d8243b9913a\" data-midnight=\"\" data-column-margin=\"default\" class=\"wpb_row vc_row-fluid vc_row inner_row\"  style=\"\"><div class=\"row-bg-wrap\"> <div class=\"row-bg\" ><\/div> <\/div><div class=\"row_col_wrap_12_inner col span_12  center\">\n\t<div  class=\"vc_col-sm-12 wpb_column column_container vc_column_container col child_column no-extra-padding inherit_tablet inherit_phone\"   data-padding-pos=\"all\" data-has-bg-color=\"false\" data-bg-color=\"\" data-bg-opacity=\"1\" data-animation=\"\" data-delay=\"0\" >\n\t\t<div class=\"vc_column-inner\" >\n\t\t<div class=\"wpb_wrapper\">\n\t\t\t\n\t<div class=\"wpb_raw_code wpb_raw_html wpb_content_element\" >\n\t\t<div class=\"wpb_wrapper\">\n\t\t\t<iframe data-src=\"https:\/\/www.google.com\/maps\/embed?pb=!1m18!1m12!1m3!1d3251.106961681553!2d-97.43862968437782!3d35.42738028025419!2m3!1f0!2f0!3f0!3m2!1i1024!2i768!4f13.1!3m3!1m2!1s0x87b23dff7514f691%3A0xa760fa442dc4ad1c!2sCalvary%20Christian%20Center!5e0!3m2!1sen!2sus!4v1582223629393!5m2!1sen!2sus\" width=\"600\" height=\"450\" frameborder=\"0\" style=\"border:0;\" allowfullscreen=\"\" src=\"data:image\/svg+xml;base64,PHN2ZyB3aWR0aD0iMSIgaGVpZ2h0PSIxIiB4bWxucz0iaHR0cDovL3d3dy53My5vcmcvMjAwMC9zdmciPjwvc3ZnPg==\" class=\"lazyload\" data-load-mode=\"1\"><\/iframe>\n\t\t<\/div>\n\t<\/div>\n\n\t\t<\/div> \n\t<\/div>\n\t<\/div> \n<\/div><\/div><div class=\"toggles\" data-br=\"\" data-starting=\"default\" data-style=\"minimal\"><div class=\"toggle accent-color\" data-inner-wrap=\"true\"><h3 class=\"toggle-title\"><a href=\"#\" role=\"button\" class=\"toggle-heading\"><i role=\"presentation\" class=\"fa fa-plus-circle\"><\/i>Sunday<\/a><\/h3><div><div class=\"inner-toggle-wrap\"><div class=\"nectar-hor-list-item\" data-hover-effect=\"default\" data-br=\"0px\" data-font-family=\"p\" data-color=\"accent-color\" data-columns=\"2\" data-column-layout=\"small_first\"><div class=\"nectar-list-item\" data-icon=\"false\" data-text-align=\"left\">8:00 AM<\/div><div class=\"nectar-list-item\" data-text-align=\"left\">Calvary Cafe Opens<\/div><\/div><div class=\"nectar-hor-list-item\" data-hover-effect=\"default\" data-br=\"0px\" data-font-family=\"p\" data-color=\"accent-color\" data-columns=\"2\" data-column-layout=\"small_first\"><div class=\"nectar-list-item\" data-icon=\"false\" data-text-align=\"left\">8:30 AM<\/div><div class=\"nectar-list-item\" data-text-align=\"left\">Pre-Service Prayer for First Service<\/div><\/div><div class=\"nectar-hor-list-item\" data-hover-effect=\"default\" data-br=\"0px\" data-font-family=\"p\" data-color=\"accent-color\" data-columns=\"2\" data-column-layout=\"small_first\"><div class=\"nectar-list-item\" data-icon=\"false\" data-text-align=\"left\">9:00 AM<\/div><div class=\"nectar-list-item\" data-text-align=\"left\">Worship &amp; Word | First Service<\/div><a class=\"full-link\" aria-label=\"9:00 AM\" href=\"\/es\/live\/\"> <\/a><\/div><div class=\"nectar-hor-list-item\" data-hover-effect=\"default\" data-br=\"0px\" data-font-family=\"p\" data-color=\"accent-color\" data-columns=\"2\" data-column-layout=\"small_first\"><div class=\"nectar-list-item\" data-icon=\"false\" data-text-align=\"left\">9:00 AM<\/div><div class=\"nectar-list-item\" data-text-align=\"left\">Calvary Kid's Ministries<\/div><a class=\"full-link\" aria-label=\"9:00 AM\" href=\"\/es\/kids-church\/\"> <\/a><\/div><div class=\"nectar-hor-list-item\" data-hover-effect=\"default\" data-br=\"0px\" data-font-family=\"p\" data-color=\"accent-color\" data-columns=\"2\" data-column-layout=\"small_first\"><div class=\"nectar-list-item\" data-icon=\"false\" data-text-align=\"left\">9:00 AM<\/div><div class=\"nectar-list-item\" data-text-align=\"left\">Adoraci\u00f3n En Espa\u00f1ol<\/div><\/div><div class=\"nectar-hor-list-item\" data-hover-effect=\"default\" data-br=\"0px\" data-font-family=\"p\" data-color=\"accent-color\" data-columns=\"2\" data-column-layout=\"small_first\"><div class=\"nectar-list-item\" data-icon=\"false\" data-text-align=\"left\">10:30 AM<\/div><div class=\"nectar-list-item\" data-text-align=\"left\">CTI Classes Begin and Calvary Cafe Closes<\/div><\/div><div class=\"nectar-hor-list-item\" data-hover-effect=\"default\" data-br=\"0px\" data-font-family=\"p\" data-color=\"accent-color\" data-columns=\"2\" data-column-layout=\"small_first\"><div class=\"nectar-list-item\" data-icon=\"false\" data-text-align=\"left\">11:00 AM<\/div><div class=\"nectar-list-item\" data-text-align=\"left\">Pre-Service Prayer for Second Service<\/div><a class=\"full-link\" aria-label=\"11:00 AM\" href=\"\/es\/live\/\"> <\/a><\/div><div class=\"nectar-hor-list-item\" data-hover-effect=\"default\" data-br=\"0px\" data-font-family=\"p\" data-color=\"accent-color\" data-columns=\"2\" data-column-layout=\"small_first\"><div class=\"nectar-list-item\" data-icon=\"false\" data-text-align=\"left\">11:30 AM<\/div><div class=\"nectar-list-item\" data-text-align=\"left\">Worship &amp; Word | Second Service<\/div><a class=\"full-link\" aria-label=\"11:30 AM\" href=\"\/es\/live\/\"> <\/a><\/div><div class=\"nectar-hor-list-item\" data-hover-effect=\"default\" data-br=\"0px\" data-font-family=\"p\" data-color=\"accent-color\" data-columns=\"2\" data-column-layout=\"small_first\"><div class=\"nectar-list-item\" data-icon=\"false\" data-text-align=\"left\">11:30 AM<\/div><div class=\"nectar-list-item\" data-text-align=\"left\">Calvary Kid's Ministries<\/div><a class=\"full-link\" aria-label=\"11:30 AM\" href=\"\/es\/kids-church\/\"> <\/a><\/div><div class=\"nectar-hor-list-item\" data-hover-effect=\"default\" data-br=\"0px\" data-font-family=\"p\" data-color=\"accent-color\" data-columns=\"2\" data-column-layout=\"small_first\"><div class=\"nectar-list-item\" data-icon=\"false\" data-text-align=\"left\">5:00 PM<\/div><div class=\"nectar-list-item\" data-text-align=\"left\">Calvary Cafe Opens<\/div><\/div><div class=\"nectar-hor-list-item\" data-hover-effect=\"default\" data-br=\"0px\" data-font-family=\"p\" data-color=\"accent-color\" data-columns=\"2\" data-column-layout=\"small_first\"><div class=\"nectar-list-item\" data-icon=\"false\" data-text-align=\"left\">5:45 PM<\/div><div class=\"nectar-list-item\" data-text-align=\"left\">Pre-Service Prayer, Calvary Cafe Closes<\/div><a class=\"full-link\" aria-label=\"5:45 PM\" href=\"\/es\/live\/\"> <\/a><\/div><div class=\"nectar-hor-list-item\" data-hover-effect=\"default\" data-br=\"0px\" data-font-family=\"p\" data-color=\"accent-color\" data-columns=\"2\" data-column-layout=\"small_first\"><div class=\"nectar-list-item\" data-icon=\"false\" data-text-align=\"left\">6:30 PM<\/div><div class=\"nectar-list-item\" data-text-align=\"left\">Worship &amp; Word<\/div><a class=\"full-link\" aria-label=\"6:30 PM\" href=\"\/es\/live\/\"> <\/a><\/div><\/div><\/div><\/div><div class=\"toggle accent-color\" data-inner-wrap=\"true\"><h3 class=\"toggle-title\"><a href=\"#\" role=\"button\" class=\"toggle-heading\"><i role=\"presentation\" class=\"fa fa-plus-circle\"><\/i>Wednesday<\/a><\/h3><div><div class=\"inner-toggle-wrap\"><div class=\"nectar-hor-list-item\" data-hover-effect=\"default\" data-br=\"0px\" data-font-family=\"p\" data-color=\"accent-color\" data-columns=\"2\" data-column-layout=\"small_first\"><div class=\"nectar-list-item\" data-icon=\"false\" data-text-align=\"left\">6:30 PM<\/div><div class=\"nectar-list-item\" data-text-align=\"left\">Pre-Service Prayer<\/div><a class=\"full-link\" aria-label=\"6:30 PM\" href=\"\/es\/live\/\"> <\/a><\/div><div class=\"nectar-hor-list-item\" data-hover-effect=\"default\" data-br=\"0px\" data-font-family=\"p\" data-color=\"accent-color\" data-columns=\"2\" data-column-layout=\"small_first\"><div class=\"nectar-list-item\" data-icon=\"false\" data-text-align=\"left\">7:00 PM<\/div><div class=\"nectar-list-item\" data-text-align=\"left\">Worship &amp; Word<\/div><a class=\"full-link\" aria-label=\"7:00 PM\" href=\"\/es\/live\/\"> <\/a><\/div><div class=\"nectar-hor-list-item\" data-hover-effect=\"default\" data-br=\"0px\" data-font-family=\"p\" data-color=\"accent-color\" data-columns=\"2\" data-column-layout=\"small_first\"><div class=\"nectar-list-item\" data-icon=\"false\" data-text-align=\"left\">7:00 PM<\/div><div class=\"nectar-list-item\" data-text-align=\"left\">Adoraci\u00f3n En Espa\u00f1ol<\/div><\/div><\/div><\/div><\/div><div class=\"toggle accent-color\" data-inner-wrap=\"true\"><h3 class=\"toggle-title\"><a href=\"#\" role=\"button\" class=\"toggle-heading\"><i role=\"presentation\" class=\"fa fa-plus-circle\"><\/i>Friday<\/a><\/h3><div><div class=\"inner-toggle-wrap\"><div class=\"nectar-hor-list-item\" data-hover-effect=\"default\" data-br=\"0px\" data-font-family=\"p\" data-color=\"accent-color\" data-columns=\"2\" data-column-layout=\"small_first\"><div class=\"nectar-list-item\" data-icon=\"false\" data-text-align=\"left\">7:30 PM<\/div><div class=\"nectar-list-item\" data-text-align=\"left\">Fusion Youth Service<\/div><\/div><\/div><\/div><\/div><\/div>\n\n\n\n\n\n\n\n\n\n\n\n\n\n\n\n\n\n\n\n\n\t\t\t<\/div> \n\t\t<\/div>\n\t<\/div> \n\n\t<div  class=\"vc_col-sm-6 wpb_column column_container vc_column_container col no-extra-padding inherit_tablet inherit_phone\"  data-padding-pos=\"all\" data-has-bg-color=\"false\" data-bg-color=\"\" data-bg-opacity=\"1\" data-animation=\"\" data-delay=\"0\" >\n\t\t<div class=\"vc_column-inner\" >\n\t\t\t<div class=\"wpb_wrapper\">\n\t\t\t\t<h2 style=\"text-align: left\" class=\"vc_custom_heading vc_do_custom_heading\" >Weekly Services<\/h2><div class=\"divider-wrap\" data-alignment=\"default\"><div style=\"height: 25px;\" class=\"divider\"><\/div><\/div><div class=\"nectar-icon-list\" data-icon-color=\"accent-color\" data-icon-style=\"border\" data-columns=\"3\" data-direction=\"vertical\" data-icon-size=\"small\" data-animate=\"true\"><div class=\"nectar-icon-list-item\"><div class=\"list-icon-holder\" data-icon_type=\"icon\"><i class=\"icon-default-style icon-basic-clock\" data-color=\"accent-color\"><\/i><\/div><div class=\"content\"><h4>Sunday Morning Worship &amp; Word - 9 AM or 11:30 AM<\/h4>Celebrate a move of God this Sunday as we gather for worship at 9:00 AM or 11:30 AM. Doors open at 8:00 AM\u2014enjoy fellowship and more in the Calvary Cafe before joining us for prayer 30 minutes prior to each service in the prayer room. Worship services are identical and held in the main sanctuary. Deaf interpretation is available at our 11:30 AM service.<\/div><\/div><div class=\"nectar-icon-list-item\"><div class=\"list-icon-holder\" data-icon_type=\"icon\"><i class=\"icon-default-style icon-basic-clock\" data-color=\"accent-color\"><\/i><\/div><div class=\"content\"><h4>Servicio de adoraci\u00f3n en espa\u00f1ol a las 9:00 AM<\/h4>Si usted habla espa\u00f1ol, acomp\u00e1\u00f1enos a tener una experiencia con Dios y a recibir palabra de Dios!<\/div><\/div><div class=\"nectar-icon-list-item\"><div class=\"list-icon-holder\" data-icon_type=\"icon\"><i class=\"icon-default-style icon-basic-star\" data-color=\"accent-color\"><\/i><\/div><div class=\"content\"><h4>Calvary Kid's Ministries - 9:00 AM &amp; 11:30 AM<\/h4>There is freedom for your kids at Calvary! We create an environment for every child to experience fun and friendship, and learning about God. Sunday School check-in starts 30 minutes before each service and closes 30 minutes after.<\/div><\/div><div class=\"nectar-icon-list-item\"><div class=\"list-icon-holder\" data-icon_type=\"icon\"><i class=\"icon-default-style icon-basic-clock\" data-color=\"accent-color\"><\/i><\/div><div class=\"content\"><h4>Sunday Evening Worship &amp; Word - 6:30 PM<\/h4>Join us for a Spirit-filled experience with dynamic, uplifting worship. Learn how the Word of God can help you overcome hurt in all aspects of your life. Prayer begins in the Sunday School sanctuary at 5:45 pm. This service also includes our Spanish congregation. Spanish translation and interpretation for the deaf is available.<\/div><\/div><div class=\"nectar-icon-list-item\"><div class=\"list-icon-holder\" data-icon_type=\"icon\"><i class=\"icon-default-style icon-basic-clock\" data-color=\"accent-color\"><\/i><\/div><div class=\"content\"><h4>Wednesday Bible Study - 7PM<\/h4>Join us for teaching and insightful discussions to inspire spiritual growth. It's time to dig in and live the Word of God out loud. Deaf interpretation is available.<\/div><\/div><div class=\"nectar-icon-list-item\"><div class=\"list-icon-holder\" data-icon_type=\"icon\"><i class=\"icon-default-style icon-basic-clock\" data-color=\"accent-color\"><\/i><\/div><div class=\"content\"><h4>Servicio de adoraci\u00f3n a las 7 PM<\/h4>Venga a recibir palabra de Dios para crecer espiritualmente!<\/div><\/div><div class=\"nectar-icon-list-item\"><div class=\"list-icon-holder\" data-icon_type=\"icon\"><i class=\"icon-default-style icon-basic-clock\" data-color=\"accent-color\"><\/i><\/div><div class=\"content\"><h4>Friday Fusion Youth - 7:30 PM<\/h4>Fusion Youth set the energy and build relationships, while growing in wisdom and understanding. It's going to be fun, it's going to grow you. Students can arrive as early as 6:30 PM. Fusion services usually conclude at 10:30 PM.<\/div><\/div><\/div>\n\t\t\t<\/div> \n\t\t<\/div>\n\t<\/div> \n<\/div><\/div>\n\t\t<div id=\"fws_69d8243b9a58f\"  data-column-margin=\"default\" data-midnight=\"light\" data-top-percent=\"5%\" data-bottom-percent=\"5%\"  class=\"wpb_row vc_row-fluid vc_row full-width-section\"  style=\"padding-top: calc(100vw * 0.05); padding-bottom: calc(100vw * 0.05); \"><div class=\"row-bg-wrap\" data-bg-animation=\"none\" data-bg-animation-delay=\"\" data-bg-overlay=\"false\"><div class=\"inner-wrap row-bg-layer\" ><div class=\"row-bg viewport-desktop using-bg-color\"  style=\"background-color: #000000; \"><\/div><\/div><\/div><div class=\"row_col_wrap_12 col span_12 light left\">\n\t<div  class=\"vc_col-sm-12 wpb_column column_container vc_column_container col no-extra-padding inherit_tablet inherit_phone\"  data-padding-pos=\"all\" data-has-bg-color=\"false\" data-bg-color=\"\" data-bg-opacity=\"1\" data-animation=\"\" data-delay=\"0\" >\n\t\t<div class=\"vc_column-inner\" >\n\t\t\t<div class=\"wpb_wrapper\">\n\t\t\t\t<div id=\"fws_69d8243b9a715\" data-midnight=\"\" data-column-margin=\"default\" class=\"wpb_row vc_row-fluid vc_row inner_row vc_row-o-equal-height vc_row-flex vc_row-o-content-middle\"  style=\"\"><div class=\"row-bg-wrap\"> <div class=\"row-bg\" ><\/div> <\/div><div class=\"row_col_wrap_12_inner col span_12  left\">\n\t<div  class=\"vc_col-sm-6 wpb_column column_container vc_column_container col child_column no-extra-padding inherit_tablet inherit_phone\"   data-padding-pos=\"all\" data-has-bg-color=\"false\" data-bg-color=\"\" data-bg-opacity=\"1\" data-animation=\"\" data-delay=\"0\" >\n\t\t<div class=\"vc_column-inner\" >\n\t\t<div class=\"wpb_wrapper\">\n\t\t\t<h2 style=\"text-align: left\" class=\"vc_custom_heading vc_do_custom_heading\" >Want more information on attending a service?<\/h2>\n\t\t<\/div> \n\t<\/div>\n\t<\/div> \n\n\t<div  class=\"vc_col-sm-6 firstTimeFormWrp wpb_column column_container vc_column_container col child_column no-extra-padding inherit_tablet inherit_phone\"   data-padding-pos=\"all\" data-has-bg-color=\"false\" data-bg-color=\"\" data-bg-opacity=\"1\" data-animation=\"\" data-delay=\"0\" >\n\t\t<div class=\"vc_column-inner\" >\n\t\t<div class=\"wpb_wrapper\">\n\t\t\t\n<div class=\"wpcf7 no-js\" id=\"wpcf7-f402-o1\" lang=\"en-US\" dir=\"ltr\" data-wpcf7-id=\"402\">\n<div class=\"screen-reader-response\"><p role=\"status\" aria-live=\"polite\" aria-atomic=\"true\"><\/p> <ul><\/ul><\/div>\n<form action=\"\/es\/wp-json\/wp\/v2\/pages\/401814389#wpcf7-f402-o1\" method=\"post\" class=\"wpcf7-form init\" aria-label=\"Contact form\" novalidate=\"novalidate\" data-status=\"init\" data-trp-original-action=\"\/es\/wp-json\/wp\/v2\/pages\/401814389#wpcf7-f402-o1\">\n<fieldset class=\"hidden-fields-container\"><input type=\"hidden\" name=\"_wpcf7\" value=\"402\" \/><input type=\"hidden\" name=\"_wpcf7_version\" value=\"6.1.5\" \/><input type=\"hidden\" name=\"_wpcf7_locale\" value=\"en_US\" \/><input type=\"hidden\" name=\"_wpcf7_unit_tag\" value=\"wpcf7-f402-o1\" \/><input type=\"hidden\" name=\"_wpcf7_container_post\" value=\"0\" \/><input type=\"hidden\" name=\"_wpcf7_posted_data_hash\" value=\"\" \/>\n<\/fieldset>\n<p><label> Your Name (required)<br \/>\n<span class=\"wpcf7-form-control-wrap\" data-name=\"your-name\"><input size=\"40\" maxlength=\"400\" class=\"wpcf7-form-control wpcf7-text wpcf7-validates-as-required\" aria-required=\"true\" aria-invalid=\"false\" value=\"\" type=\"text\" name=\"your-name\" \/><\/span> <\/label>\n<\/p>\n<p><label> Your Email (required)<br \/>\n<span class=\"wpcf7-form-control-wrap\" data-name=\"your-email\"><input size=\"40\" maxlength=\"400\" class=\"wpcf7-form-control wpcf7-email wpcf7-validates-as-required wpcf7-text wpcf7-validates-as-email\" aria-required=\"true\" aria-invalid=\"false\" value=\"\" type=\"email\" name=\"your-email\" \/><\/span> <\/label>\n<\/p>\n<p><label> Request<br \/>\n<span class=\"wpcf7-form-control-wrap\" data-name=\"your-request\"><textarea cols=\"40\" rows=\"10\" maxlength=\"2000\" class=\"wpcf7-form-control wpcf7-textarea\" aria-invalid=\"false\" name=\"your-request\"><\/textarea><\/span> <\/label>\n<\/p>\n<p><input class=\"wpcf7-form-control wpcf7-submit has-spinner\" type=\"submit\" value=\"Send\" \/>\n<\/p><input type='hidden' class='wpcf7-pum' value='{\"closepopup\":false,\"closedelay\":0,\"openpopup\":false,\"openpopup_id\":0}' \/><div class=\"wpcf7-response-output\" aria-hidden=\"true\"><\/div>\n<input type=\"hidden\" name=\"trp-form-language\" value=\"es\"\/><\/form>\n<\/div>\n\n\t\t<\/div> \n\t<\/div>\n\t<\/div> \n<\/div><\/div>\n\t\t\t<\/div> \n\t\t<\/div>\n\t<\/div> \n<\/div><\/div>","protected":false},"excerpt":{"rendered":"Welcome HomeWelcome to Calvary - the friendliest church in town...","protected":false},"author":6,"featured_media":0,"parent":0,"menu_order":0,"comment_status":"closed","ping_status":"closed","template":"","meta":{"footnotes":""},"class_list":["post-401814389","page","type-page","status-publish"],"_links":{"self":[{"href":"https:\/\/calvaryokc.church\/es\/wp-json\/wp\/v2\/pages\/401814389","targetHints":{"allow":["GET"]}}],"collection":[{"href":"https:\/\/calvaryokc.church\/es\/wp-json\/wp\/v2\/pages"}],"about":[{"href":"https:\/\/calvaryokc.church\/es\/wp-json\/wp\/v2\/types\/page"}],"author":[{"embeddable":true,"href":"https:\/\/calvaryokc.church\/es\/wp-json\/wp\/v2\/users\/6"}],"replies":[{"embeddable":true,"href":"https:\/\/calvaryokc.church\/es\/wp-json\/wp\/v2\/comments?post=401814389"}],"version-history":[{"count":100,"href":"https:\/\/calvaryokc.church\/es\/wp-json\/wp\/v2\/pages\/401814389\/revisions"}],"predecessor-version":[{"id":401831795,"href":"https:\/\/calvaryokc.church\/es\/wp-json\/wp\/v2\/pages\/401814389\/revisions\/401831795"}],"wp:attachment":[{"href":"https:\/\/calvaryokc.church\/es\/wp-json\/wp\/v2\/media?parent=401814389"}],"curies":[{"name":"wp","href":"https:\/\/api.w.org\/{rel}","templated":true}]}}